{"id":22,"date":"2022-03-29T19:39:44","date_gmt":"2022-03-29T19:39:44","guid":{"rendered":"https:\/\/skolaottawa.ca\/?page_id=22"},"modified":"2026-02-19T00:43:59","modified_gmt":"2026-02-19T00:43:59","slug":"our-courses","status":"publish","type":"page","link":"https:\/\/skolaottawa.ca\/cs\/our-courses\/","title":{"rendered":"Na\u0161e kurzy"},"content":{"rendered":"<div class=\"wp-block-columns is-layout-flex wp-container-core-columns-is-layout-28f84493 wp-block-columns-is-layout-flex\">\n<div class=\"wp-block-column is-layout-flow wp-block-column-is-layout-flow\">\n<div class=\"wp-block-columns is-layout-flex wp-container-core-columns-is-layout-28f84493 wp-block-columns-is-layout-flex\">\n<div class=\"wp-block-column is-layout-flow wp-block-column-is-layout-flow\"><\/div>\n<\/div>\n\n\n\n<h2 class=\"wp-block-heading has-text-align-center has-background-color has-vivid-red-background-color has-text-color has-background has-medium-font-size\" style=\"font-style:normal;font-weight:700;text-transform:capitalize\"> <strong>Sobotn\u00ed<\/strong> <strong>\u010desk\u00e1<\/strong> <strong>\u0161kola: od 4 do 99 let<\/strong><\/h2>\n\n\n\n<p><strong>Zdarma pro v\u0161echny studenty z\u00e1kladn\u00edch a st\u0159edn\u00edch \u0161kol provincie Ontario.<\/strong>.&nbsp;&nbsp;<\/p>\n\n\n\n<p class=\"translation-block\"><a href=\"https:\/\/www.ocdsb.ca\/continuing_education\/international_languages_program\" target=\"_self\">Registration<\/a> for the next school at Ottawa-Carleton District School Board\u2019s International Languages Program (<a href=\"https:\/\/ocdsb.ca\/continuing_education\/international_languages_program\" target=\"_self\">ILP OCDSB<\/a>) opens every year June 1. Your early registration will secure that the classes will be opened again next year. Please choose <a href=\"https:\/\/www.ocdsb.ca\/cms\/One.aspx?portalId=55478&amp;pageId=214038\" data-type=\"link\" data-id=\"https:\/\/www.ocdsb.ca\/cms\/One.aspx?portalId=55478&amp;pageId=214038\" target=\"_self\">Elementary \u2026 Program<\/a> for Kids Classes, <a href=\"https:\/\/www.ocdsb.ca\/cms\/One.aspx?portalId=55478&amp;pageId=214042\" data-type=\"link\" data-id=\"https:\/\/www.ocdsb.ca\/cms\/One.aspx?portalId=55478&amp;pageId=214038\" target=\"_self\">Secondary \u2026 Program<\/a> for Teens and Adults.<\/p>\n\n\n\n<p>Kurzy pro \u00fapln\u00e9 za\u010d\u00e1te\u010dn\u00edky i pro pokro\u010dil\u00e9.<\/p>\n\n\n\n<div class=\"wp-block-columns is-layout-flex wp-container-core-columns-is-layout-28f84493 wp-block-columns-is-layout-flex\">\n<div class=\"wp-block-column is-layout-flow wp-block-column-is-layout-flow\">\n<h2 class=\"wp-block-heading has-background-color has-vivid-red-background-color has-text-color has-background has-medium-font-size\" style=\"font-style:normal;font-weight:500\"><a href=\"https:\/\/www.ocdsb.ca\/cms\/One.aspx?portalId=55478&amp;pageId=214038\">D\u011btsk\u00e9 t\u0159\u00eddy<\/a><\/h2>\n\n\n\n<h3 class=\"wp-block-heading has-background-color has-text-color has-background has-normal-font-size\" style=\"background-color:#11457e;font-style:normal;font-weight:600\">z\u00e1\u0159\u00ed - \u010derven <\/h3>\n\n\n\n<p><strong>Prezen\u010dn\u00ed v\u00fduka <\/strong>9:30 \u2013 12:00<\/p>\n\n\n\n<p><strong>Online v\u00fduka <\/strong>1:30 \u2013 3:30<\/p>\n\n\n\n<p><em>Ka\u017edou sobotu krom\u011b vyhl\u00e1\u0161en\u00fdch sv\u00e1tk\u016f<\/em><\/p>\n\n\n\n<p>\u0161kolka - 8. ro\u010dn\u00edk<\/p>\n\n\n\n<p>P\u0159i <a href=\"https:\/\/www.ocdsb.ca\/cms\/One.aspx?portalId=55478&amp;pageId=214038\"><strong>z\u00e1pisu<\/strong><\/a>do d\u011btsk\u00fdch t\u0159\u00edd vyberte Saturday AM pro prezen\u010dn\u00ed kurz nebo Saturday PM pro online v\u00fduku<\/p>\n\n\n\n<figure class=\"wp-block-image size-full\"><img loading=\"lazy\" decoding=\"async\" width=\"2560\" height=\"1920\" src=\"https:\/\/skolaottawa.ca\/wp-content\/uploads\/2024\/06\/20221015_094849-scaled.jpg\" alt=\"\" class=\"wp-image-611\" srcset=\"https:\/\/skolaottawa.ca\/wp-content\/uploads\/2024\/06\/20221015_094849-scaled.jpg 2560w, https:\/\/skolaottawa.ca\/wp-content\/uploads\/2024\/06\/20221015_094849-300x225.jpg 300w, https:\/\/skolaottawa.ca\/wp-content\/uploads\/2024\/06\/20221015_094849-1024x768.jpg 1024w, https:\/\/skolaottawa.ca\/wp-content\/uploads\/2024\/06\/20221015_094849-768x576.jpg 768w, https:\/\/skolaottawa.ca\/wp-content\/uploads\/2024\/06\/20221015_094849-1536x1152.jpg 1536w, https:\/\/skolaottawa.ca\/wp-content\/uploads\/2024\/06\/20221015_094849-2048x1536.jpg 2048w\" sizes=\"auto, (max-width: 2560px) 100vw, 2560px\" \/><\/figure>\n<\/div>\n\n\n\n<div class=\"wp-block-column is-layout-flow wp-block-column-is-layout-flow\">\n<h2 class=\"wp-block-heading has-background-color has-vivid-red-background-color has-text-color has-background has-medium-font-size\" style=\"margin-top:0%;margin-right:0%;margin-bottom:0%;margin-left:0%;font-style:normal;font-weight:600\"><a href=\"https:\/\/www.ocdsb.ca\/programs-learning\/continuing-education\/international-languages-program\/international-languages-secondary-program2\" data-type=\"link\" data-id=\"https:\/\/www.ocdsb.ca\/cms\/One.aspx?portalId=55478&amp;pageId=214038\">St\u0159edo\u0161kol\u00e1ci a dosp\u011bl\u00ed<\/a><\/h2>\n\n\n\n<h3 class=\"wp-block-heading has-background-color has-text-color has-background has-normal-font-size\" style=\"background-color:#11457e;font-style:normal;font-weight:600\">z\u00e1\u0159\u00ed - \u010derven<\/h3>\n\n\n\n<p><strong>Online v\u00fduka <\/strong>9:00 \u2013 12:30<\/p>\n\n\n\n<p><em>Ka\u017edou sobotu krom\u011b vyhl\u00e1\u0161en\u00fdch sv\u00e1tk\u016f<\/em><\/p>\n\n\n\n<p>Grade 9 \u2013 12 students + adult education<\/p>\n\n\n\n<p>\u010ce\u0161tina jako \u0159\u00e1dn\u00fd voliteln\u00fd p\u0159edm\u011bt t\u0159\u00edlet\u00e9 st\u0159edo\u0161kolsk\u00e9 v\u00fduky ciz\u00edho jazyka <\/p>\n\n\n\n<p><strong>Studenti OCDSB \u0161kolsk\u00e9 rady <\/strong>se do kurzu zapisuj\u00ed ve sv\u00fdch \u0161kol\u00e1ch u pedagogick\u00e9ho poradce (Guidance Counsellors) <\/p>\n\n\n\n<p><strong>Studenti ostatn\u00edch st\u0159edn\u00edch \u0161kol provincie Ontario <\/strong>se p\u0159ihla\u0161uj\u00ed vypln\u011bn\u00edm <a href=\"https:\/\/forms.ocdsb.ca\/Forms\/Secondary-International-Languages-Program-Registration\"><strong>z\u00e1pisov\u00e9ho dotazn\u00edku.<\/strong><\/a>. <\/p>\n\n\n\n<p><strong>Poplatek za \u0161koln\u00ed rok <\/strong>pro dosp\u011bl\u00e9 \u017eij\u00edc\u00ed v Ontariu je $50.00. Informace o \u0161koln\u00e9m pro st\u0159edo\u0161kol\u00e1ky a dosp\u011bl\u00e9 studenty z ostatn\u00edch kanadsk\u00fdch provinci\u00ed na webov\u00e9 str\u00e1nce ILP OCDSB.<\/p>\n<\/div>\n<\/div>\n<\/div>\n<\/div>\n\n\n\n<p><\/p>\n\n\n\n<h2 class=\"wp-block-heading has-text-align-center has-background-color has-vivid-red-background-color has-text-color has-background has-medium-font-size\" style=\"text-transform:capitalize\"><strong>Czech Conversation classes<\/strong> + <strong>Private Lessons<\/strong><\/h2>\n\n\n\n<p class=\"has-text-align-center\">ONLINE  CONVERSATIONAL CZECH COURSES FOR ADULTS <\/p>\n\n\n\n<ul class=\"wp-block-list\">\n<li>Pla\u0301nujete cestu do Prahy?<\/li>\n\n\n\n<li>Chcete si popovi\u0301dat s c\u030cesky\u0301mi kamara\u0301dy?<\/li>\n\n\n\n<li>Chcete si na Va\u0301noce zazpi\u0301vat c\u030ceskou koledu?<\/li>\n\n\n\n<li>Pr\u030cec\u030ci\u0301st si c\u030ceskou knihu, kterou ma\u0301te v knihovne\u030c po babic\u030cce?<\/li>\n\n\n\n<li>Chcete se podi\u0301vat na c\u030ceske\u0301 filmy v origina\u0301le?<\/li>\n\n\n\n<li>Chcete le\u0301pe psa\u0301t c\u030cesky?<\/li>\n\n\n\n<li>Studium cizi\u0301ho jazyka je investici\u0301 do budoucnosti. Souhlasi\u0301te?<\/li>\n<\/ul>\n\n\n\n<div data-wp-interactive=\"core\/file\" class=\"wp-block-file\"><object data-wp-bind--hidden=\"!state.hasPdfPreview\" hidden class=\"wp-block-file__embed\" data=\"https:\/\/skolaottawa.ca\/wp-content\/uploads\/2026\/02\/CSO_OnlineCourses_Spring2026.pdf\" type=\"application\/pdf\" style=\"width:100%;height:600px\" aria-label=\"Vlo\u017eit z CSO_OnlineCourses_Spring2026.\"><\/object><a id=\"wp-block-file--media-be16db3e-90be-4b77-aea8-5939c17ff4f4\" href=\"https:\/\/skolaottawa.ca\/wp-content\/uploads\/2026\/02\/CSO_OnlineCourses_Spring2026.pdf\">CSO_OnlineCourses_Spring2026<\/a><a href=\"https:\/\/skolaottawa.ca\/wp-content\/uploads\/2026\/02\/CSO_OnlineCourses_Spring2026.pdf\" class=\"wp-block-file__button wp-element-button\" download aria-describedby=\"wp-block-file--media-be16db3e-90be-4b77-aea8-5939c17ff4f4\">Download<\/a><\/div>\n\n\n\n<p><strong>Do you prefer other days or even smaller groups?<\/strong><\/p>\n\n\n\n<p>We offer one-to-one lessons or groups as small as two students. For more information see the document below.<\/p>\n\n\n\n<div data-wp-interactive=\"core\/file\" class=\"wp-block-file\"><object data-wp-bind--hidden=\"!state.hasPdfPreview\" hidden class=\"wp-block-file__embed\" data=\"https:\/\/skolaottawa.ca\/wp-content\/uploads\/2024\/10\/CSO-private-lessons-2024.pdf\" type=\"application\/pdf\" style=\"width:100%;height:600px\" aria-label=\"Vlo\u017eit z CS\u030cO private lessons 2024.\"><\/object><a id=\"wp-block-file--media-6b2d5a8a-965c-415a-a009-974c4249a8a6\" href=\"https:\/\/skolaottawa.ca\/wp-content\/uploads\/2024\/10\/CSO-private-lessons-2024.pdf\">CS\u030cO private lessons 2024<\/a><a href=\"https:\/\/skolaottawa.ca\/wp-content\/uploads\/2024\/10\/CSO-private-lessons-2024.pdf\" class=\"wp-block-file__button wp-element-button\" download aria-describedby=\"wp-block-file--media-6b2d5a8a-965c-415a-a009-974c4249a8a6\">Download<\/a><\/div>\n\n\n\n<p><\/p>","protected":false},"excerpt":{"rendered":"<p>Saturday Czech School: age 4-99 There are no fees for kids and high school students who are Ontario residents.&nbsp;&nbsp; Registration for the next school at Ottawa-Carleton District School Board\u2019s International Languages Program (ILP OCDSB) opens every year June 1. Your early registration will secure that the classes will be opened again next year. Please choose [&hellip;]<\/p>","protected":false},"author":1,"featured_media":0,"parent":0,"menu_order":0,"comment_status":"closed","ping_status":"closed","template":"","meta":{"footnotes":""},"class_list":["post-22","page","type-page","status-publish","hentry"],"_links":{"self":[{"href":"https:\/\/skolaottawa.ca\/cs\/wp-json\/wp\/v2\/pages\/22","targetHints":{"allow":["GET"]}}],"collection":[{"href":"https:\/\/skolaottawa.ca\/cs\/wp-json\/wp\/v2\/pages"}],"about":[{"href":"https:\/\/skolaottawa.ca\/cs\/wp-json\/wp\/v2\/types\/page"}],"author":[{"embeddable":true,"href":"https:\/\/skolaottawa.ca\/cs\/wp-json\/wp\/v2\/users\/1"}],"replies":[{"embeddable":true,"href":"https:\/\/skolaottawa.ca\/cs\/wp-json\/wp\/v2\/comments?post=22"}],"version-history":[{"count":71,"href":"https:\/\/skolaottawa.ca\/cs\/wp-json\/wp\/v2\/pages\/22\/revisions"}],"predecessor-version":[{"id":703,"href":"https:\/\/skolaottawa.ca\/cs\/wp-json\/wp\/v2\/pages\/22\/revisions\/703"}],"wp:attachment":[{"href":"https:\/\/skolaottawa.ca\/cs\/wp-json\/wp\/v2\/media?parent=22"}],"curies":[{"name":"wp","href":"https:\/\/api.w.org\/{rel}","templated":true}]}}