{"id":20,"date":"2022-03-29T19:37:17","date_gmt":"2022-03-29T19:37:17","guid":{"rendered":"https:\/\/skolaottawa.ca\/?page_id=20"},"modified":"2025-11-14T03:24:27","modified_gmt":"2025-11-14T03:24:27","slug":"our-team","status":"publish","type":"page","link":"https:\/\/skolaottawa.ca\/cs\/our-team\/","title":{"rendered":"N\u00e1\u0161 t\u00fdm"},"content":{"rendered":"<p><strong>Lucie Ko\u010fouskov\u00e1<\/strong>st\u00e1la nejen u vzniku \u0161koly v roce 2019, ale i komunitn\u00edch akc\u00ed jako je n\u00e1\u0161 ka\u017edoro\u010dn\u00ed Sokolsk\u00fd b\u011bh republiky, Mikul\u00e1\u0161 s v\u00e1no\u010dn\u00edm bazarem, Velikonoce, workshopy pro d\u011bti i dosp\u011bl\u00e9 nebo rodinn\u00fd v\u00edkend na t\u00e1bo\u0159e Host\u00fdn. Ka\u017ed\u00e9ho dovedla povzbudit, pot\u011b\u0161it a rozesm\u00e1t, p\u0159i jej\u00edch hodin\u00e1ch rozt\u00e1li i ti nejstydliv\u011bj\u0161\u00ed, divadlo nacvi\u010dovali jak mal\u00ed, tak velc\u00ed.  Vzpom\u00edn\u00e1me na ni a na celou jej\u00ed rodinu s vd\u011bkem a chceme nad\u00e1le v \u010desk\u00e9 komunit\u011b \u0161\u00ed\u0159it l\u00e1sku k \u010de\u0161tin\u011b a ke v\u0161emu \u010desk\u00e9mu, jak to tak hezky um\u011bla pr\u00e1v\u011b Lucie.<\/p>\n\n\n\n<div class=\"wp-block-columns is-layout-flex wp-container-core-columns-is-layout-28f84493 wp-block-columns-is-layout-flex\">\n<div class=\"wp-block-column is-layout-flow wp-block-column-is-layout-flow\">\n<p><strong>Jaroslava Baconov\u00e1, Teens and Adult Classes<\/strong>, <strong>and Continuing Education<\/strong><\/p>\n\n\n\n<p>Jaroslava Baconov\u00e1 m\u00e1 na starosti veden\u00ed \u0161koly a t\u0159\u00eddu pro st\u0159edo\u0161kol\u00e1ky a dosp\u011bl\u00e9. Jej\u00ed studenty je mo\u017en\u00e9 naj\u00edt po cel\u00e9m sv\u011bt\u011b, od Prahy, Glasgowa, New Orleansu, a po cel\u00e9 Kanad\u011b.<\/p>\n\n\n\n<p>Jaroslava je spoluzakladatelkou nov\u00e9 \u010cesk\u00e9 \u0161koly Ottawa. <\/p>\n<\/div>\n\n\n\n<div class=\"wp-block-column is-layout-flow wp-block-column-is-layout-flow\">\n<p><strong>David Bene\u0161, veden\u00ed \u0161koly a komunitn\u00ed akce<\/strong><\/p>\n\n\n\n<p>David Bene\u0161 si d\u0159\u00edv\u011bj\u0161\u00ed \u010deskou \u0161kolu v Ottaw\u011b pamatuje nejen jako rodi\u010d, ale dokonce jako jej\u00ed \u017e\u00e1k. A tak kdy\u017e zrovna nesed\u00ed nad \u0161koln\u00edm \u00fa\u010detnictv\u00edm, u\u017e druh\u00fdm rokem p\u0159eb\u00edr\u00e1 v\u00fduku tam, kde je zrovna pot\u0159eba.&nbsp;<\/p>\n\n\n\n<p>In 2019, co-founded the new Ottawa Czech School.<\/p>\n<\/div>\n\n\n\n<div class=\"wp-block-column is-layout-flow wp-block-column-is-layout-flow\">\n<p><strong>Michelle Havel, online d\u011btsk\u00e1 t\u0159\u00edda<\/strong> and Coordination<\/p>\n\n\n\n<p>Pro \u0161kolu u\u010d\u00ed a pom\u00e1h\u00e1 s organizac\u00ed komunitn\u00edch akc\u00ed. Je jednou ze zakladatelek <em>Czech and Slovaks in Ottawa Facebook Group<\/em>.  <\/p>\n\n\n\n<p>Michelle joined the team in 2021 as a online summer school teacher. She is now leading our coordination team.<\/p>\n\n\n\n<p><\/p>\n<\/div>\n<\/div>\n\n\n\n<div class=\"wp-block-columns is-layout-flex wp-container-core-columns-is-layout-28f84493 wp-block-columns-is-layout-flex\">\n<div class=\"wp-block-column is-layout-flow wp-block-column-is-layout-flow\">\n<p><strong>Pavel O\u0161krkan\u00fd, koordinace konverza\u010dn\u00edch hodin<\/strong><\/p>\n\n\n\n<p>Pavel se k n\u00e1m p\u0159idal Od ledna 2022. St\u0159edo\u0161kolsk\u00fd u\u010ditel d\u011bjepisu, zem\u011bpisu, \u010de\u0161tiny jako ciz\u00edho jazyka  a ve voln\u00fdch chv\u00edl\u00edch b\u00e1sn\u00edk, Pavel vede konverza\u010dn\u00ed hodiny pro dosp\u011bl\u00e9.<\/p>\n<\/div>\n\n\n\n<div class=\"wp-block-column is-layout-flow wp-block-column-is-layout-flow\">\n<p><strong>Daniela Knapov\u00e1,<\/strong> u\u010ditelka mlad\u0161\u00edch \u017e\u00e1k\u016f<\/p>\n\n\n\n<p><strong>Radek D\u00e1n,<\/strong> u\u010ditel star\u0161\u00edch \u017e\u00e1k\u016f<\/p>\n\n\n\n<p><strong>Renata Wachowiak -Smol\u00edkov\u00e1,<\/strong> <strong>konverza\u010dn\u00ed hodiny pro dosp\u011bl\u00e9 <\/strong><\/p>\n\n\n\n<p>Renata spole\u010dn\u011b s Pavlem vede a rozv\u00edj\u00ed na\u0161e konverza\u010dn\u00ed kurzy pro studenty z cel\u00e9 Kanady.<\/p>\n<\/div>\n\n\n\n<div class=\"wp-block-column is-layout-flow wp-block-column-is-layout-flow\">\n<p><strong>Michelle \u010cipera, knihovna, koordinace s \u010cSSK Ottawa a \u010cSSK Kanada<\/strong><\/p>\n\n\n\n<p>Pro M\u00ed\u0161u \u010ciperu je na\u0161e \u0161kola v\u00edc ne\u017e jen m\u00edsto setk\u00e1v\u00e1n\u00ed s jazykem na\u0161ich p\u0159edk\u016f. Pom\u00e1h\u00e1 vyhled\u00e1vat partnery pro n\u00e1\u0161 projekt Pam\u011b\u0165 \u010desk\u00e9 komunity v knih\u00e1ch a bilingvn\u00ed komunitn\u00ed akce.\u00a0<\/p>\n<\/div>\n<\/div>\n\n\n\n<div class=\"wp-block-columns is-layout-flex wp-container-core-columns-is-layout-28f84493 wp-block-columns-is-layout-flex\">\n<div class=\"wp-block-column is-layout-flow wp-block-column-is-layout-flow\">\n<p class=\"has-vivid-red-color has-text-color has-medium-font-size\"><strong>DOBROVOLN\u00cdCI<\/strong><\/p>\n<\/div>\n<\/div>\n\n\n\n<div class=\"wp-block-columns is-layout-flex wp-container-core-columns-is-layout-28f84493 wp-block-columns-is-layout-flex\">\n<div class=\"wp-block-column is-layout-flow wp-block-column-is-layout-flow\">\n<p class=\"has-vivid-red-color has-text-color\"><strong>Bav\u00ed V\u00e1s pr\u00e1ce s d\u011btmi \u010di dosp\u011bl\u00fdmi, chcete b\u00fdt sou\u010d\u00e1st\u00ed \u010desk\u00e9 komunity a pod\u00edlet se na organizaci na\u0161ich akc\u00ed? \nP\u00ed\u0161ete r\u00e1di \u010dl\u00e1nky, r\u00e1di pozn\u00e1v\u00e1te nov\u00e9 lidi a chcete b\u00fdt u\u017eite\u010dn\u00ed? \nNev\u00e1hejte, a kontaktujte n\u00e1s! \n\n\nEmail: skolaottawa@gmail.com<\/strong><\/p>\n<\/div>\n<\/div>\n\n\n\n<div class=\"wp-block-columns is-layout-flex wp-container-core-columns-is-layout-28f84493 wp-block-columns-is-layout-flex\">\n<div class=\"wp-block-column is-layout-flow wp-block-column-is-layout-flow\" style=\"flex-basis:33.33%\">\n<p><\/p>\n\n\n\n<p><\/p>\n<\/div>\n\n\n\n<div class=\"wp-block-column is-layout-flow wp-block-column-is-layout-flow\" style=\"flex-basis:66.66%\">\n<div class=\"wp-block-columns is-layout-flex wp-container-core-columns-is-layout-28f84493 wp-block-columns-is-layout-flex\">\n<div class=\"wp-block-column is-layout-flow wp-block-column-is-layout-flow\"><\/div>\n\n\n\n<div class=\"wp-block-column is-layout-flow wp-block-column-is-layout-flow\"><\/div>\n\n\n\n<div class=\"wp-block-column is-layout-flow wp-block-column-is-layout-flow\"><\/div>\n<\/div>\n<\/div>\n<\/div>\n\n\n\n<p><\/p>","protected":false},"excerpt":{"rendered":"<p>Lucie Ko\u010fouskov\u00e1, co-founder of our new Ottawa Czech School and our dedicated Kids Program Leader, was an exceptional, generous, and beloved mother, friend, teacher, and community builder. We are committed to keeping her memory alive in our school and honoring her and her family\u2019s dedication to Czech culture, language, and community. Jaroslava Baconov\u00e1, Teens and [&hellip;]<\/p>","protected":false},"author":1,"featured_media":0,"parent":0,"menu_order":0,"comment_status":"closed","ping_status":"closed","template":"","meta":{"footnotes":""},"class_list":["post-20","page","type-page","status-publish","hentry"],"_links":{"self":[{"href":"https:\/\/skolaottawa.ca\/cs\/wp-json\/wp\/v2\/pages\/20","targetHints":{"allow":["GET"]}}],"collection":[{"href":"https:\/\/skolaottawa.ca\/cs\/wp-json\/wp\/v2\/pages"}],"about":[{"href":"https:\/\/skolaottawa.ca\/cs\/wp-json\/wp\/v2\/types\/page"}],"author":[{"embeddable":true,"href":"https:\/\/skolaottawa.ca\/cs\/wp-json\/wp\/v2\/users\/1"}],"replies":[{"embeddable":true,"href":"https:\/\/skolaottawa.ca\/cs\/wp-json\/wp\/v2\/comments?post=20"}],"version-history":[{"count":35,"href":"https:\/\/skolaottawa.ca\/cs\/wp-json\/wp\/v2\/pages\/20\/revisions"}],"predecessor-version":[{"id":700,"href":"https:\/\/skolaottawa.ca\/cs\/wp-json\/wp\/v2\/pages\/20\/revisions\/700"}],"wp:attachment":[{"href":"https:\/\/skolaottawa.ca\/cs\/wp-json\/wp\/v2\/media?parent=20"}],"curies":[{"name":"wp","href":"https:\/\/api.w.org\/{rel}","templated":true}]}}