{"id":2,"date":"2022-03-29T19:22:29","date_gmt":"2022-03-29T19:22:29","guid":{"rendered":"https:\/\/skolaottawa.ca\/?page_id=2"},"modified":"2025-06-05T21:58:01","modified_gmt":"2025-06-05T21:58:01","slug":"home","status":"publish","type":"page","link":"https:\/\/skolaottawa.ca\/cs\/","title":{"rendered":"Dom\u016f"},"content":{"rendered":"<p class=\"has-text-align-center has-background-color has-vivid-red-background-color has-text-color has-background has-link-color has-medium-font-size wp-elements-848c51d526565bf22bec533f140f9583\">NOV\u00c9: <a href=\"https:\/\/drive.google.com\/file\/d\/195ilyafK7qod66VjRuSxuOop5axKuDWz\/view?usp=drive_link\" data-type=\"link\" data-id=\"https:\/\/drive.google.com\/file\/d\/195ilyafK7qod66VjRuSxuOop5axKuDWz\/view?usp=drive_link\">Vzd\u011bl\u00e1vac\u00ed fond Lucie Ko\u010fouskov\u00e9<\/a><\/p>\n\n\n\n<blockquote class=\"wp-block-quote has-text-align-center has-medium-font-size is-layout-flow wp-block-quote-is-layout-flow\">\n<p>Jsme jazykov\u00e1 \u0161kola pro ottawskou \u010desko-kanadskou komunitu.<\/p>\n<\/blockquote>\n\n\n\n<div class=\"wp-block-buttons is-horizontal is-content-justification-center is-layout-flex wp-container-core-buttons-is-layout-ecd33c62 wp-block-buttons-is-layout-flex\">\n<div class=\"wp-block-button\"><a class=\"wp-block-button__link has-background wp-element-button\" href=\"https:\/\/skolaottawa.ca\/cs\/events\/community-event-calendar\/\" style=\"background-color:#11457e\" target=\"_blank\" rel=\"noreferrer noopener\"><strong>See calendar of school and community events<\/strong><\/a><\/div>\n<\/div>\n\n\n\n<div class=\"wp-block-group alignwide is-layout-flow wp-block-group-is-layout-flow\">\n<div class=\"wp-block-columns alignwide is-layout-flex wp-container-core-columns-is-layout-28f84493 wp-block-columns-is-layout-flex\">\n<div class=\"wp-block-column has-background-color has-text-color has-background has-link-color wp-elements-8e599d3b46d56d35bd35cfddfa7c479e is-layout-flow wp-block-column-is-layout-flow\" style=\"background-color:#d7141a;padding-top:2em;padding-right:2em;padding-bottom:2em;padding-left:2em\">\n<h2 class=\"wp-block-heading has-text-align-center\" id=\"single-1\" style=\"font-size:30px;font-style:normal;font-weight:600\">Na\u0161e kurzy<\/h2>\n\n\n\n<p class=\"has-text-align-center has-normal-font-size\" style=\"line-height:1.5\">Nab\u00edz\u00edme celou \u0159adu kurz\u016f pro studenty v\u0161ech v\u011bkov\u00fdch kategori\u00ed.<\/p>\n\n\n\n<div class=\"wp-block-buttons alignfull is-horizontal is-content-justification-center is-layout-flex wp-container-core-buttons-is-layout-03627597 wp-block-buttons-is-layout-flex\">\n<div class=\"wp-block-button has-custom-width wp-block-button__width-100 is-style-outline is-style-outline--1\"><a class=\"wp-block-button__link wp-element-button\" href=\"https:\/\/skolaottawa.ca\/cs\/our-courses\/\">Vyberte si kurz <\/a><\/div>\n<\/div>\n<\/div>\n\n\n\n<div class=\"wp-block-column has-background-color has-text-color has-background has-link-color wp-elements-c9cec8fc4c9de82d1a977c08d019db13 is-layout-flow wp-block-column-is-layout-flow\" style=\"background-color:#11457e;padding-top:2em;padding-right:2em;padding-bottom:4em;padding-left:2em\">\n<h2 class=\"wp-block-heading has-text-align-center\" id=\"family-1\" style=\"font-size:30px;font-style:normal;font-weight:600\">Na\u0161i u\u010ditel\u00e9<\/h2>\n\n\n\n<p class=\"has-text-align-center has-normal-font-size\" style=\"line-height:1.5\">Na\u0161i u\u010ditel\u00e9 se t\u011b\u0161\u00ed, a\u017e se s v\u00e1mi sejdou na jedn\u00e9 z hodin.<\/p>\n\n\n\n<div class=\"wp-block-buttons alignfull is-horizontal is-content-justification-center is-layout-flex wp-container-core-buttons-is-layout-03627597 wp-block-buttons-is-layout-flex\">\n<div class=\"wp-block-button has-custom-width wp-block-button__width-100 is-style-outline is-style-outline--2\"><a class=\"wp-block-button__link wp-element-button\" href=\"https:\/\/skolaottawa.ca\/cs\/our-team\/\">V\u00edc o u\u010ditel\u00edch<\/a><\/div>\n<\/div>\n<\/div>\n\n\n\n<div class=\"wp-block-column has-background-color has-luminous-vivid-amber-background-color has-text-color has-background has-link-color wp-elements-e6ea5cbe68c327333a13b7b3e95f5997 is-layout-flow wp-block-column-is-layout-flow\" style=\"padding-top:2em;padding-right:2em;padding-bottom:2em;padding-left:2em\">\n<h2 class=\"wp-block-heading has-text-align-center\" id=\"patron-1\" style=\"font-size:29px;font-style:normal;font-weight:600\">Na\u0161e akce<\/h2>\n\n\n\n<p class=\"has-text-align-center has-normal-font-size\">Jsme v\u00edc ne\u017e jen jazykov\u00e1 \u0161kola. Jsme srdcem na\u0161\u00ed \u010desk\u00e9 komunity v Ottaw\u011b. Pom\u00e1h\u00e1me organizovat akce pro krajany.<\/p>\n\n\n\n<div class=\"wp-block-buttons alignfull is-horizontal is-content-justification-center is-layout-flex wp-container-core-buttons-is-layout-03627597 wp-block-buttons-is-layout-flex\">\n<div class=\"wp-block-button has-custom-width wp-block-button__width-100 is-style-outline is-style-outline--3\"><a class=\"wp-block-button__link wp-element-button\" href=\"https:\/\/skolaottawa.ca\/cs\/community\/\">V\u00edc o na\u0161ich akc\u00edch<\/a><\/div>\n<\/div>\n<\/div>\n<\/div>\n<\/div>\n\n\n\n<hr class=\"wp-block-separator has-alpha-channel-opacity\"\/>\n\n\n\n<h3 class=\"wp-block-heading has-text-align-center\" id=\"watch-birdsfrom-your-inbox-1\">Keep on top of latest developments<\/h3>\n\n\n\n<div class=\"wp-block-buttons is-layout-flex wp-block-buttons-is-layout-flex\">\n<div class=\"wp-block-button aligncenter is-style-outline is-style-outline--4\"><a class=\"wp-block-button__link has-background-color has-text-color has-background has-normal-font-size has-custom-font-size wp-element-button\" href=\"https:\/\/www.facebook.com\/CeskaSkolaOttawa\/\" style=\"background-color:#11457e\" target=\"_blank\" rel=\"noreferrer noopener\">P\u0159ipojte se k na\u0161\u00ed Facebookov\u00e9 str\u00e1nce<\/a><\/div>\n\n\n\n<div class=\"wp-block-button aligncenter is-style-outline is-style-outline--5\"><a class=\"wp-block-button__link has-background-color has-text-color has-background has-normal-font-size has-custom-font-size wp-element-button\" href=\"https:\/\/www.instagram.com\/czech_school_ottawa\/\" style=\"background-color:#11457e\">Follow our Instagram<\/a><\/div>\n<\/div>\n\n\n\n<hr class=\"wp-block-separator has-css-opacity\"\/>\n\n\n\n<h3 class=\"wp-block-heading has-text-align-center\" id=\"watch-birdsfrom-your-inbox-1\">U\u010dte se s n\u00e1mi na YouTube<\/h3>\n\n\n\n<figure class=\"wp-block-embed is-type-video is-provider-youtube wp-block-embed-youtube wp-embed-aspect-16-9 wp-has-aspect-ratio\"><div class=\"wp-block-embed__wrapper\">\n<iframe loading=\"lazy\" title=\"N\u011bco m\u00e1lo o \u010de\u0161tin\u011b a na\u0161ich kurzech (Evropsk\u00fd den jazyk\u016f)\" width=\"500\" height=\"281\" src=\"https:\/\/www.youtube.com\/embed\/drmeFVZKU_k?feature=oembed\" frameborder=\"0\" allow=\"accelerometer; autoplay; clipboard-write; encrypted-media; gyroscope; picture-in-picture; web-share\" referrerpolicy=\"strict-origin-when-cross-origin\" allowfullscreen><\/iframe>\n<\/div><\/figure>\n\n\n\n<div class=\"wp-block-buttons is-layout-flex wp-block-buttons-is-layout-flex\">\n<div class=\"wp-block-button aligncenter is-style-outline is-style-outline--6\"><a class=\"wp-block-button__link has-background-color has-vivid-red-background-color has-text-color has-background has-normal-font-size has-custom-font-size wp-element-button\" href=\"https:\/\/www.youtube.com\/channel\/UC-k_ad0G1J0VQwANnm3G_lg\" target=\"_blank\" rel=\"noreferrer noopener\">P\u0159ihlaste se na n\u00e1\u0161 kan\u00e1l na YouTube<\/a><\/div>\n<\/div>\n\n\n\n<p><\/p>","protected":false},"excerpt":{"rendered":"<p>NEW! Lucie Ko\u010fouskov\u00e1 Educational Fund We are a language school for Ottawa&#8217;s Czech Canadian community. Our courses We offer a variety of courses for students of all ages. Our teachers Our teachers are all excited to work with you. Our events We are more than a language school. We have deep links into our community [&hellip;]<\/p>","protected":false},"author":1,"featured_media":0,"parent":0,"menu_order":-7,"comment_status":"closed","ping_status":"closed","template":"","meta":{"footnotes":""},"class_list":["post-2","page","type-page","status-publish","hentry"],"_links":{"self":[{"href":"https:\/\/skolaottawa.ca\/cs\/wp-json\/wp\/v2\/pages\/2","targetHints":{"allow":["GET"]}}],"collection":[{"href":"https:\/\/skolaottawa.ca\/cs\/wp-json\/wp\/v2\/pages"}],"about":[{"href":"https:\/\/skolaottawa.ca\/cs\/wp-json\/wp\/v2\/types\/page"}],"author":[{"embeddable":true,"href":"https:\/\/skolaottawa.ca\/cs\/wp-json\/wp\/v2\/users\/1"}],"replies":[{"embeddable":true,"href":"https:\/\/skolaottawa.ca\/cs\/wp-json\/wp\/v2\/comments?post=2"}],"version-history":[{"count":49,"href":"https:\/\/skolaottawa.ca\/cs\/wp-json\/wp\/v2\/pages\/2\/revisions"}],"predecessor-version":[{"id":679,"href":"https:\/\/skolaottawa.ca\/cs\/wp-json\/wp\/v2\/pages\/2\/revisions\/679"}],"wp:attachment":[{"href":"https:\/\/skolaottawa.ca\/cs\/wp-json\/wp\/v2\/media?parent=2"}],"curies":[{"name":"wp","href":"https:\/\/api.w.org\/{rel}","templated":true}]}}