{"id":175,"date":"2022-04-29T21:16:20","date_gmt":"2022-04-29T21:16:20","guid":{"rendered":"https:\/\/skolaottawa.ca\/?page_id=175"},"modified":"2022-05-19T16:05:35","modified_gmt":"2022-05-19T16:05:35","slug":"become-one-of-our-partners","status":"publish","type":"page","link":"https:\/\/skolaottawa.ca\/cs\/become-one-of-our-partners\/","title":{"rendered":"Podpo\u0159te n\u00e1s"},"content":{"rendered":"<h2 class=\"wp-block-heading\">Support us financially<\/h2>\n\n\n\n<p>For now, the only way how to support us financially is a cash transfer to school. If you would like to donate to support spreading Czech culture and language, please send us and <a href=\"\/cs\/skolaottawa@gmail.com\/\" data-type=\"URL\" data-id=\"skolaottawa@gmail.com\">email<\/a>. We will be happy to assist you and answer any questions.<\/p>\n\n\n\n<h2 class=\"wp-block-heading\">Help us to find a space<\/h2>\n\n\n\n<p><em>Von\u00ed v\u00e1m vzpom\u00ednky na V\u00e1noce babi\u010d\u010din\u00fdmi vanilkov\u00fdmi rohl\u00ed\u010dky?<\/em><\/p>\n\n\n\n<p>Na\u0161li byste m\u00edsto na ulo\u017een\u00ed na\u0161\u00ed kni\u017en\u00ed sb\u00edrky, kter\u00e1 je z\u00e1kladem na\u0161\u00ed \u010desk\u00e9 knihovny, kni\u017en\u00edch klub\u016f a tematick\u00fdch v\u00fdstav?<\/p>\n\n\n\n<p>Help with hosting our community and school activities, where the interest in the Czech culture makes up for the fluency in speaking?<\/p>\n\n\n\n<p>Ozv\u011bte se n\u00e1m!<\/p>\n\n\n\n<h2 class=\"wp-block-heading\">Join our partners<\/h2>\n\n\n\n<p>The support of the Ottawa-Carleton District School Board (OCDSB) is essential for us. OCDSB provides all the necessary logistical support including the online platform, and physical space for teaching.<\/p>\n\n\n\n<p>We would not be able to organize our community activities as well as the library services without the financial gifts and grants from Czech Ministry of Foreign affairs and Czech Ministry of Education<\/p>\n\n\n\n<p><strong>None of this would be possible without the enthusiasm of our volunteers who translate, bake, give advice and support us in all sorts of other ways.<\/strong><\/p>\n\n\n\n<p><\/p>\n\n\n\n<div class=\"wp-block-columns is-layout-flex wp-container-core-columns-is-layout-28f84493 wp-block-columns-is-layout-flex\">\n<div class=\"wp-block-column is-layout-flow wp-block-column-is-layout-flow\">\n<figure class=\"wp-block-image size-full is-resized\"><img loading=\"lazy\" decoding=\"async\" src=\"https:\/\/skolaottawa.ca\/wp-content\/uploads\/2022\/04\/OCDSB-logo-1.png\" alt=\"\" class=\"wp-image-95\" width=\"111\" height=\"87\" srcset=\"https:\/\/skolaottawa.ca\/wp-content\/uploads\/2022\/04\/OCDSB-logo-1.png 452w, https:\/\/skolaottawa.ca\/wp-content\/uploads\/2022\/04\/OCDSB-logo-1-300x238.png 300w, https:\/\/skolaottawa.ca\/wp-content\/uploads\/2022\/04\/OCDSB-logo-1-15x12.png 15w\" sizes=\"auto, (max-width: 111px) 100vw, 111px\" \/><\/figure>\n<\/div>\n\n\n\n<div class=\"wp-block-column is-layout-flow wp-block-column-is-layout-flow\">\n<figure class=\"wp-block-image size-full\"><img loading=\"lazy\" decoding=\"async\" width=\"338\" height=\"348\" src=\"https:\/\/skolaottawa.ca\/wp-content\/uploads\/2022\/04\/CSSK-logo.png\" alt=\"\" class=\"wp-image-91\" srcset=\"https:\/\/skolaottawa.ca\/wp-content\/uploads\/2022\/04\/CSSK-logo.png 338w, https:\/\/skolaottawa.ca\/wp-content\/uploads\/2022\/04\/CSSK-logo-291x300.png 291w, https:\/\/skolaottawa.ca\/wp-content\/uploads\/2022\/04\/CSSK-logo-12x12.png 12w\" sizes=\"auto, (max-width: 338px) 100vw, 338px\" \/><\/figure>\n<\/div>\n\n\n\n<div class=\"wp-block-column is-layout-flow wp-block-column-is-layout-flow\">\n<figure class=\"wp-block-image size-full\"><img loading=\"lazy\" decoding=\"async\" width=\"618\" height=\"638\" src=\"https:\/\/skolaottawa.ca\/wp-content\/uploads\/2022\/04\/Sokol-Canada.png\" alt=\"\" class=\"wp-image-176\" srcset=\"https:\/\/skolaottawa.ca\/wp-content\/uploads\/2022\/04\/Sokol-Canada.png 618w, https:\/\/skolaottawa.ca\/wp-content\/uploads\/2022\/04\/Sokol-Canada-291x300.png 291w, https:\/\/skolaottawa.ca\/wp-content\/uploads\/2022\/04\/Sokol-Canada-12x12.png 12w\" sizes=\"auto, (max-width: 618px) 100vw, 618px\" \/><\/figure>\n<\/div>\n\n\n\n<div class=\"wp-block-column is-layout-flow wp-block-column-is-layout-flow\">\n<figure class=\"wp-block-image size-full\"><img loading=\"lazy\" decoding=\"async\" width=\"516\" height=\"354\" src=\"https:\/\/skolaottawa.ca\/wp-content\/uploads\/2022\/04\/Kraja\u0301nek-ve-sve\u030cte\u030c.png\" alt=\"\" class=\"wp-image-177\" srcset=\"https:\/\/skolaottawa.ca\/wp-content\/uploads\/2022\/04\/Kraja\u0301nek-ve-sve\u030cte\u030c.png 516w, https:\/\/skolaottawa.ca\/wp-content\/uploads\/2022\/04\/Kraja\u0301nek-ve-sve\u030cte\u030c-300x206.png 300w, https:\/\/skolaottawa.ca\/wp-content\/uploads\/2022\/04\/Kraja\u0301nek-ve-sve\u030cte\u030c-18x12.png 18w\" sizes=\"auto, (max-width: 516px) 100vw, 516px\" \/><\/figure>\n<\/div>\n\n\n\n<div class=\"wp-block-column is-layout-flow wp-block-column-is-layout-flow\">\n<figure class=\"wp-block-image size-full\"><img loading=\"lazy\" decoding=\"async\" width=\"340\" height=\"354\" src=\"https:\/\/skolaottawa.ca\/wp-content\/uploads\/2022\/04\/UJOP-1.png\" alt=\"\" class=\"wp-image-179\" srcset=\"https:\/\/skolaottawa.ca\/wp-content\/uploads\/2022\/04\/UJOP-1.png 340w, https:\/\/skolaottawa.ca\/wp-content\/uploads\/2022\/04\/UJOP-1-288x300.png 288w, https:\/\/skolaottawa.ca\/wp-content\/uploads\/2022\/04\/UJOP-1-12x12.png 12w\" sizes=\"auto, (max-width: 340px) 100vw, 340px\" \/><\/figure>\n<\/div>\n<\/div>\n\n\n\n<div class=\"wp-block-columns is-layout-flex wp-container-core-columns-is-layout-28f84493 wp-block-columns-is-layout-flex\">\n<div class=\"wp-block-column is-layout-flow wp-block-column-is-layout-flow\">\n<figure class=\"wp-block-image size-full\"><img loading=\"lazy\" decoding=\"async\" width=\"728\" height=\"190\" src=\"https:\/\/skolaottawa.ca\/wp-content\/uploads\/2022\/04\/ZU-Ottawa.png\" alt=\"\" class=\"wp-image-99\" srcset=\"https:\/\/skolaottawa.ca\/wp-content\/uploads\/2022\/04\/ZU-Ottawa.png 728w, https:\/\/skolaottawa.ca\/wp-content\/uploads\/2022\/04\/ZU-Ottawa-300x78.png 300w, https:\/\/skolaottawa.ca\/wp-content\/uploads\/2022\/04\/ZU-Ottawa-18x5.png 18w\" sizes=\"auto, (max-width: 728px) 100vw, 728px\" \/><\/figure>\n<\/div>\n\n\n\n<div class=\"wp-block-column is-layout-flow wp-block-column-is-layout-flow\">\n<figure class=\"wp-block-image size-full\"><img loading=\"lazy\" decoding=\"async\" width=\"730\" height=\"226\" src=\"https:\/\/skolaottawa.ca\/wp-content\/uploads\/2022\/04\/MZV-logo.png\" alt=\"\" class=\"wp-image-96\" srcset=\"https:\/\/skolaottawa.ca\/wp-content\/uploads\/2022\/04\/MZV-logo.png 730w, https:\/\/skolaottawa.ca\/wp-content\/uploads\/2022\/04\/MZV-logo-300x93.png 300w, https:\/\/skolaottawa.ca\/wp-content\/uploads\/2022\/04\/MZV-logo-18x6.png 18w\" sizes=\"auto, (max-width: 730px) 100vw, 730px\" \/><\/figure>\n<\/div>\n\n\n\n<div class=\"wp-block-column is-layout-flow wp-block-column-is-layout-flow\">\n<figure class=\"wp-block-image size-full\"><img loading=\"lazy\" decoding=\"async\" width=\"628\" height=\"342\" src=\"https:\/\/skolaottawa.ca\/wp-content\/uploads\/2022\/04\/MSMT-logo.png\" alt=\"\" class=\"wp-image-100\" srcset=\"https:\/\/skolaottawa.ca\/wp-content\/uploads\/2022\/04\/MSMT-logo.png 628w, https:\/\/skolaottawa.ca\/wp-content\/uploads\/2022\/04\/MSMT-logo-300x163.png 300w, https:\/\/skolaottawa.ca\/wp-content\/uploads\/2022\/04\/MSMT-logo-18x10.png 18w\" sizes=\"auto, (max-width: 628px) 100vw, 628px\" \/><\/figure>\n<\/div>\n\n\n\n<div class=\"wp-block-column is-layout-flow wp-block-column-is-layout-flow\">\n<figure class=\"wp-block-image size-full\"><img loading=\"lazy\" decoding=\"async\" width=\"386\" height=\"210\" src=\"https:\/\/skolaottawa.ca\/wp-content\/uploads\/2022\/04\/DZS.png\" alt=\"\" class=\"wp-image-93\" srcset=\"https:\/\/skolaottawa.ca\/wp-content\/uploads\/2022\/04\/DZS.png 386w, https:\/\/skolaottawa.ca\/wp-content\/uploads\/2022\/04\/DZS-300x163.png 300w, https:\/\/skolaottawa.ca\/wp-content\/uploads\/2022\/04\/DZS-18x10.png 18w\" sizes=\"auto, (max-width: 386px) 100vw, 386px\" \/><\/figure>\n<\/div>\n<\/div>\n\n\n\n<p><\/p>","protected":false},"excerpt":{"rendered":"<p>Support us financially For now, the only way how to support us financially is a cash transfer to school. If you would like to donate to support spreading Czech culture and language, please send us and email. We will be happy to assist you and answer any questions. Help us to find a space Do [&hellip;]<\/p>","protected":false},"author":2,"featured_media":0,"parent":0,"menu_order":0,"comment_status":"closed","ping_status":"closed","template":"","meta":{"footnotes":""},"class_list":["post-175","page","type-page","status-publish","hentry"],"_links":{"self":[{"href":"https:\/\/skolaottawa.ca\/cs\/wp-json\/wp\/v2\/pages\/175","targetHints":{"allow":["GET"]}}],"collection":[{"href":"https:\/\/skolaottawa.ca\/cs\/wp-json\/wp\/v2\/pages"}],"about":[{"href":"https:\/\/skolaottawa.ca\/cs\/wp-json\/wp\/v2\/types\/page"}],"author":[{"embeddable":true,"href":"https:\/\/skolaottawa.ca\/cs\/wp-json\/wp\/v2\/users\/2"}],"replies":[{"embeddable":true,"href":"https:\/\/skolaottawa.ca\/cs\/wp-json\/wp\/v2\/comments?post=175"}],"version-history":[{"count":6,"href":"https:\/\/skolaottawa.ca\/cs\/wp-json\/wp\/v2\/pages\/175\/revisions"}],"predecessor-version":[{"id":226,"href":"https:\/\/skolaottawa.ca\/cs\/wp-json\/wp\/v2\/pages\/175\/revisions\/226"}],"wp:attachment":[{"href":"https:\/\/skolaottawa.ca\/cs\/wp-json\/wp\/v2\/media?parent=175"}],"curies":[{"name":"wp","href":"https:\/\/api.w.org\/{rel}","templated":true}]}}