{"id":17,"date":"2022-03-29T19:32:17","date_gmt":"2022-03-29T19:32:17","guid":{"rendered":"https:\/\/skolaottawa.ca\/?page_id=17"},"modified":"2024-07-03T14:33:28","modified_gmt":"2024-07-03T14:33:28","slug":"about-us","status":"publish","type":"page","link":"https:\/\/skolaottawa.ca\/cs\/about-us\/","title":{"rendered":"O n\u00e1s"},"content":{"rendered":"<p class=\"has-drop-cap\">Prvn\u00ed dv\u011b t\u0159\u00eddy obnoven\u00e9 \u010desk\u00e9 \u0161koly v Ottaw\u011b byly otev\u0159en\u00e9 na podzim 2019 v r\u00e1mci Programu sv\u011btov\u00fdch jazyk\u016f na Ottawa-Carleton District School Board.<\/p>\n\n\n\n<p>Our children\u2019s program grew so much that we now have a third group for the smallest children filled with games, and arts and crafts, as well as one online class. The high school students in our Saturday classes actually get high school credit for attending. The adult students make up the rest of that class.<\/p>\n\n\n\n<p>We are at the end of our fifth successful year. Today, we have about 65 students across all levels, from the age of 4 to 80. <\/p>\n\n\n\n<p class=\"has-secondary-background-color has-background\">V na\u0161\u00ed nov\u00e9 \u0161kole podporujeme \u010deskou kulturu a d\u011btem \u010desk\u00e9ho p\u016fvodu pom\u00e1h\u00e1me s rozvojem a udr\u017een\u00edm jazyka. Sna\u017e\u00edme se p\u0159ipom\u00ednat si \u010desk\u00e9 tradice a historii a tvo\u0159it spole\u010densk\u00e1 pouta v na\u0161\u00ed \u010desk\u00e9 komunit\u011b. B\u011bhem roku po\u0159\u00e1d\u00e1me kulturn\u00ed akce pro d\u011bti i dosp\u011bl\u00e9.<\/p>\n\n\n\n<p>Ob\u011b t\u0159\u00eddy z\u00e1kladn\u00ed \u0161koly se v dob\u011b prezen\u010dn\u00ed v\u00fduky sch\u00e1z\u00ed na Hopewell Avenue Elementary School, st\u0159edo\u0161kol\u00e1ci a dosp\u011bl\u00ed maj\u00ed v\u00fduku na Glebe Collegiate High School.<\/p>\n\n\n\n<figure class=\"wp-block-image size-large\"><img loading=\"lazy\" decoding=\"async\" width=\"1024\" height=\"473\" src=\"https:\/\/skolaottawa.ca\/wp-content\/uploads\/2022\/04\/article-Novy\u0301-domov-1024x473.png\" alt=\"\" class=\"wp-image-191\" srcset=\"https:\/\/skolaottawa.ca\/wp-content\/uploads\/2022\/04\/article-Novy\u0301-domov-1024x473.png 1024w, https:\/\/skolaottawa.ca\/wp-content\/uploads\/2022\/04\/article-Novy\u0301-domov-300x138.png 300w, https:\/\/skolaottawa.ca\/wp-content\/uploads\/2022\/04\/article-Novy\u0301-domov-768x354.png 768w, https:\/\/skolaottawa.ca\/wp-content\/uploads\/2022\/04\/article-Novy\u0301-domov-1536x709.png 1536w, https:\/\/skolaottawa.ca\/wp-content\/uploads\/2022\/04\/article-Novy\u0301-domov-18x8.png 18w, https:\/\/skolaottawa.ca\/wp-content\/uploads\/2022\/04\/article-Novy\u0301-domov.png 1794w\" sizes=\"auto, (max-width: 1024px) 100vw, 1024px\" \/><figcaption class=\"wp-element-caption\">Read the full article in Czech and English<\/figcaption><\/figure>\n\n\n\n<h2 class=\"wp-block-heading\">Want to know more about our teaching?<\/h2>\n\n\n\n<p>Watch our video made for European Day of Languages, September 2020<\/p>\n\n\n\n<figure class=\"wp-block-embed is-type-video is-provider-youtube wp-block-embed-youtube wp-embed-aspect-16-9 wp-has-aspect-ratio\"><div class=\"wp-block-embed__wrapper\">\n<iframe loading=\"lazy\" title=\"N\u011bco m\u00e1lo o \u010de\u0161tin\u011b a na\u0161ich kurzech (Evropsk\u00fd den jazyk\u016f)\" width=\"500\" height=\"281\" src=\"https:\/\/www.youtube.com\/embed\/drmeFVZKU_k?feature=oembed\" frameborder=\"0\" allow=\"accelerometer; autoplay; clipboard-write; encrypted-media; gyroscope; picture-in-picture; web-share\" referrerpolicy=\"strict-origin-when-cross-origin\" allowfullscreen><\/iframe>\n<\/div><\/figure>","protected":false},"excerpt":{"rendered":"<p>The newly opened Czech School in Ottawa launched in 2019 as part of the International Languages Program at the Ottawa-Carleton District School Board. We started with two groups of students at two age levels. Our children\u2019s program grew so much that we now have a third group for the smallest children filled with games, and [&hellip;]<\/p>","protected":false},"author":1,"featured_media":0,"parent":0,"menu_order":1,"comment_status":"closed","ping_status":"closed","template":"","meta":{"footnotes":""},"class_list":["post-17","page","type-page","status-publish","hentry"],"_links":{"self":[{"href":"https:\/\/skolaottawa.ca\/cs\/wp-json\/wp\/v2\/pages\/17","targetHints":{"allow":["GET"]}}],"collection":[{"href":"https:\/\/skolaottawa.ca\/cs\/wp-json\/wp\/v2\/pages"}],"about":[{"href":"https:\/\/skolaottawa.ca\/cs\/wp-json\/wp\/v2\/types\/page"}],"author":[{"embeddable":true,"href":"https:\/\/skolaottawa.ca\/cs\/wp-json\/wp\/v2\/users\/1"}],"replies":[{"embeddable":true,"href":"https:\/\/skolaottawa.ca\/cs\/wp-json\/wp\/v2\/comments?post=17"}],"version-history":[{"count":16,"href":"https:\/\/skolaottawa.ca\/cs\/wp-json\/wp\/v2\/pages\/17\/revisions"}],"predecessor-version":[{"id":619,"href":"https:\/\/skolaottawa.ca\/cs\/wp-json\/wp\/v2\/pages\/17\/revisions\/619"}],"wp:attachment":[{"href":"https:\/\/skolaottawa.ca\/cs\/wp-json\/wp\/v2\/media?parent=17"}],"curies":[{"name":"wp","href":"https:\/\/api.w.org\/{rel}","templated":true}]}}